{"id":6967,"date":"2023-11-02T14:03:34","date_gmt":"2023-11-02T14:03:34","guid":{"rendered":"https:\/\/www.dreika.eu\/projects\/"},"modified":"2025-05-12T14:53:45","modified_gmt":"2025-05-12T14:53:45","slug":"projects","status":"publish","type":"page","link":"https:\/\/www.dreika.eu\/de\/projects\/","title":{"rendered":"Projekte"},"content":{"rendered":"[vc_row type=&#8220;full_width_content&#8220; full_screen_row_position=&#8220;middle&#8220; column_margin=&#8220;default&#8220; column_direction=&#8220;default&#8220; column_direction_tablet=&#8220;default&#8220; column_direction_phone=&#8220;default&#8220; bg_color=&#8220;#1f2a3f&#8220; scene_position=&#8220;center&#8220; top_padding=&#8220;15%&#8220; top_padding_tablet=&#8220;20%&#8220; top_padding_phone=&#8220;20%&#8220; text_color=&#8220;light&#8220; text_align=&#8220;left&#8220; row_border_radius=&#8220;none&#8220; row_border_radius_applies=&#8220;bg&#8220; overflow=&#8220;visible&#8220; advanced_gradient_angle=&#8220;0&#8243; overlay_strength=&#8220;0.3&#8243; gradient_direction=&#8220;left_to_right&#8220; shape_divider_position=&#8220;bottom&#8220; bg_image_animation=&#8220;none&#8220; shape_type=&#8220;&#8220; gradient_type=&#8220;default&#8220;][vc_column column_padding=&#8220;no-extra-padding&#8220; column_padding_tablet=&#8220;inherit&#8220; column_padding_phone=&#8220;inherit&#8220; column_padding_position=&#8220;all&#8220; column_element_spacing=&#8220;default&#8220; background_color_opacity=&#8220;1&#8243; background_hover_color_opacity=&#8220;1&#8243; column_shadow=&#8220;none&#8220; column_border_radius=&#8220;none&#8220; column_link_target=&#8220;_self&#8220; column_position=&#8220;default&#8220; gradient_direction=&#8220;left_to_right&#8220; overlay_strength=&#8220;0.3&#8243; width=&#8220;1\/1&#8243; tablet_width_inherit=&#8220;default&#8220; tablet_text_alignment=&#8220;default&#8220; phone_text_alignment=&#8220;default&#8220; animation_type=&#8220;default&#8220; bg_image_animation=&#8220;none&#8220; border_type=&#8220;simple&#8220; column_border_width=&#8220;none&#8220; column_border_style=&#8220;solid&#8220; column_element_direction_desktop=&#8220;default&#8220; desktop_text_alignment=&#8220;default&#8220; column_backdrop_filter=&#8220;none&#8220;][vc_row_inner content_placement=&#8220;middle&#8220; column_margin=&#8220;none&#8220; column_direction=&#8220;default&#8220; column_direction_tablet=&#8220;default&#8220; column_direction_phone=&#8220;default&#8220; bottom_padding=&#8220;35&#8243; left_padding_desktop=&#8220;24%&#8220; constrain_group_2=&#8220;yes&#8220; right_padding_desktop=&#8220;24%&#8220; bottom_padding_tablet=&#8220;25&#8243; constrain_group_4=&#8220;yes&#8220; left_padding_phone=&#8220;12%&#8220; constrain_group_6=&#8220;yes&#8220; right_padding_phone=&#8220;12%&#8220; text_align=&#8220;left&#8220; row_position=&#8220;default&#8220; row_position_tablet=&#8220;inherit&#8220; row_position_phone=&#8220;inherit&#8220; overflow=&#8220;visible&#8220; pointer_events=&#8220;all&#8220;][vc_column_inner column_padding=&#8220;no-extra-padding&#8220; column_padding_tablet=&#8220;inherit&#8220; column_padding_phone=&#8220;inherit&#8220; column_padding_position=&#8220;all&#8220; column_element_spacing=&#8220;default&#8220; centered_text=&#8220;true&#8220; background_color_opacity=&#8220;1&#8243; background_hover_color_opacity=&#8220;1&#8243; column_shadow=&#8220;none&#8220; column_border_radius=&#8220;none&#8220; column_link_target=&#8220;_self&#8220; gradient_direction=&#8220;left_to_right&#8220; overlay_strength=&#8220;0.3&#8243; width=&#8220;1\/1&#8243; tablet_width_inherit=&#8220;default&#8220; animation_type=&#8220;default&#8220; enable_animation=&#8220;true&#8220; animation=&#8220;fade-in-from-bottom&#8220; bg_image_animation=&#8220;none&#8220; border_type=&#8220;simple&#8220; column_border_width=&#8220;none&#8220; column_border_style=&#8220;solid&#8220; column_element_direction_desktop=&#8220;default&#8220; desktop_text_alignment=&#8220;default&#8220; tablet_text_alignment=&#8220;default&#8220; phone_text_alignment=&#8220;default&#8220; column_backdrop_filter=&#8220;none&#8220; overflow=&#8220;visible&#8220; animation_easing=&#8220;default&#8220;][split_line_heading animation_type=&#8220;line-reveal-by-space&#8220; font_style=&#8220;h2&#8243; text_color=&#8220;#c3d019&#8243; line_reveal_by_space_text_effect=&#8220;default&#8220; content_alignment=&#8220;left&#8220; mobile_content_alignment=&#8220;inherit&#8220; link_target=&#8220;_self&#8220; text_content=&#8220;Neueste Projekte&#8220; max_width=&#8220;535&#8243;][\/split_line_heading][\/vc_column_inner][\/vc_row_inner][nectar_post_grid post_type=&#8220;portfolio&#8220; portfolio_category=&#8220;all&#8220; order=&#8220;DESC&#8220; orderby=&#8220;date&#8220; pagination=&#8220;load-more&#8220; button_color=&#8220;accent-color&#8220; columns=&#8220;2&#8243; grid_item_spacing=&#8220;35px&#8220; grid_item_height=&#8220;30vh&#8220; enable_sortable=&#8220;yes&#8220; sortable_alignment=&#8220;default&#8220; sortable_color=&#8220;extra-color-2&#8243; image_size=&#8220;full&#8220; aspect_ratio_image_size=&#8220;yes&#8220; custom_image_aspect_ratio=&#8220;1-1&#8243; image_loading=&#8220;lazy-load&#8220; animation=&#8220;fade-in-from-bottom&#8220; heading_tag=&#8220;h3&#8243; enable_indicator=&#8220;yes&#8220; mouse_indicator_style=&#8220;see-through&#8220; mouse_indicator_text=&#8220;view&#8220; category_position=&#8220;default&#8220; grid_style=&#8220;content_under_image&#8220; card_design=&#8220;yes&#8220; card_bg_color=&#8220;rgba(52,70,107,0.91)&#8220; card_bg_color_hover=&#8220;rgba(31,42,63,0.91)&#8220; overlay_secondary_project_image=&#8220;yes&#8220; overlay_secondary_project_image_align=&#8220;right&#8220; content_under_image_text_align=&#8220;center&#8220; text_color=&#8220;light&#8220; hover_effect=&#8220;zoom&#8220; border_radius=&#8220;10px&#8220; card_design_bg_color=&#8220;#00cae8&#8243; posts_per_page=&#8220;8&#8243; css_class_name=&#8220;nectar-browser-window-style&#8220;][\/vc_column][\/vc_row][vc_row type=&#8220;full_width_background&#8220; full_screen_row_position=&#8220;middle&#8220; column_margin=&#8220;default&#8220; column_direction=&#8220;default&#8220; column_direction_tablet=&#8220;default&#8220; column_direction_phone=&#8220;default&#8220; bg_color=&#8220;#1f2a3f&#8220; scene_position=&#8220;center&#8220; bottom_padding=&#8220;8%&#8220; text_color=&#8220;dark&#8220; text_align=&#8220;center&#8220; row_border_radius=&#8220;none&#8220; row_border_radius_applies=&#8220;bg&#8220; overflow=&#8220;visible&#8220; overlay_strength=&#8220;0.3&#8243; gradient_direction=&#8220;left_to_right&#8220; shape_divider_position=&#8220;bottom&#8220; bg_image_animation=&#8220;none&#8220; gradient_type=&#8220;default&#8220; shape_type=&#8220;&#8220;][vc_column column_padding=&#8220;no-extra-padding&#8220; column_padding_tablet=&#8220;inherit&#8220; column_padding_phone=&#8220;inherit&#8220; column_padding_position=&#8220;all&#8220; column_element_spacing=&#8220;default&#8220; background_color_opacity=&#8220;1&#8243; background_hover_color_opacity=&#8220;1&#8243; column_shadow=&#8220;none&#8220; column_border_radius=&#8220;none&#8220; column_link_target=&#8220;_self&#8220; column_position=&#8220;default&#8220; gradient_direction=&#8220;left_to_right&#8220; overlay_strength=&#8220;0.3&#8243; width=&#8220;1\/1&#8243; tablet_width_inherit=&#8220;default&#8220; tablet_text_alignment=&#8220;default&#8220; phone_text_alignment=&#8220;default&#8220; animation_type=&#8220;default&#8220; bg_image_animation=&#8220;none&#8220; border_type=&#8220;simple&#8220; column_border_width=&#8220;none&#8220; column_border_style=&#8220;solid&#8220; column_element_direction_desktop=&#8220;default&#8220; desktop_text_alignment=&#8220;default&#8220; column_backdrop_filter=&#8220;none&#8220;][nectar_btn size=&#8220;small&#8220; button_style=&#8220;see-through-3&#8243; color_override=&#8220;#ced71b&#8220; hover_text_color_override=&#8220;#ffffff&#8220; icon_family=&#8220;none&#8220; text=&#8220;Alle unsere Projekte entdecken&#8220; url=&#8220;https:\/\/www.dreika.eu\/de\/projektliste\/&#8220;][\/vc_column][\/vc_row]\n","protected":false},"excerpt":{"rendered":"<p>[vc_row type=&#8220;full_width_content&#8220; full_screen_row_position=&#8220;middle&#8220; column_margin=&#8220;default&#8220; column_direction=&#8220;default&#8220; column_direction_tablet=&#8220;default&#8220; column_direction_phone=&#8220;default&#8220; bg_color=&#8220;#1f2a3f&#8220; scene_position=&#8220;center&#8220; top_padding=&#8220;15%&#8220; top_padding_tablet=&#8220;20%&#8220; top_padding_phone=&#8220;20%&#8220; text_color=&#8220;light&#8220; text_align=&#8220;left&#8220; row_border_radius=&#8220;none&#8220; row_border_radius_applies=&#8220;bg&#8220; overflow=&#8220;visible&#8220; advanced_gradient_angle=&#8220;0&#8243; overlay_strength=&#8220;0.3&#8243; gradient_direction=&#8220;left_to_right&#8220; shape_divider_position=&#8220;bottom&#8220; bg_image_animation=&#8220;none&#8220; shape_type=&#8220;&#8220; gradient_type=&#8220;default&#8220;][vc_column column_padding=&#8220;no-extra-padding&#8220; column_padding_tablet=&#8220;inherit&#8220; column_padding_phone=&#8220;inherit&#8220; column_padding_position=&#8220;all&#8220; column_element_spacing=&#8220;default&#8220; background_color_opacity=&#8220;1&#8243;&#8230;<\/p>\n","protected":false},"author":1,"featured_media":0,"parent":0,"menu_order":0,"comment_status":"open","ping_status":"open","template":"","meta":{"footnotes":""},"class_list":["post-6967","page","type-page","status-publish"],"yoast_head":"<!-- This site is optimized with the Yoast SEO Premium plugin v26.3 (Yoast SEO v26.3) - https:\/\/yoast.com\/wordpress\/plugins\/seo\/ -->\n<title>Aktuelle Projekte | Schl\u00fcsselfertige Bankenarchitektur | Dreika<\/title>\n<meta name=\"description\" content=\"Werfen Sie einen Blick auf unsere neuesten Projekte f\u00fcr Hauptverwaltungen und Bankschalter. Ma\u00dfgeschneiderte L\u00f6sungen, die Design, Technologie und Sicherheit kombinieren. Fallstudien mit konkreten Ergebnissen.\" \/>\n<meta name=\"robots\" content=\"index, follow, max-snippet:-1, max-image-preview:large, max-video-preview:-1\" \/>\n<link rel=\"canonical\" href=\"https:\/\/www.dreika.eu\/progetti-recenti-dreika\/\" \/>\n<meta property=\"og:locale\" content=\"de_DE\" \/>\n<meta property=\"og:type\" content=\"article\" \/>\n<meta property=\"og:title\" content=\"Projekte\" \/>\n<meta property=\"og:description\" content=\"Werfen Sie einen Blick auf unsere neuesten Projekte f\u00fcr Hauptverwaltungen und Bankschalter. Ma\u00dfgeschneiderte L\u00f6sungen, die Design, Technologie und Sicherheit kombinieren. Fallstudien mit konkreten Ergebnissen.\" \/>\n<meta property=\"og:url\" content=\"https:\/\/www.dreika.eu\/progetti-recenti-dreika\/\" \/>\n<meta property=\"og:site_name\" content=\"Dreika\" \/>\n<meta property=\"article:publisher\" content=\"https:\/\/www.facebook.com\/Dreika.eu\" \/>\n<meta property=\"article:modified_time\" content=\"2025-05-12T14:53:45+00:00\" \/>\n<meta name=\"twitter:card\" content=\"summary_large_image\" \/>\n<meta name=\"twitter:label1\" content=\"Gesch\u00e4tzte Lesezeit\" \/>\n\t<meta name=\"twitter:data1\" content=\"4\u00a0Minuten\" \/>\n<script type=\"application\/ld+json\" class=\"yoast-schema-graph\">{\"@context\":\"https:\/\/schema.org\",\"@graph\":[{\"@type\":\"WebPage\",\"@id\":\"https:\/\/www.dreika.eu\/progetti-recenti-dreika\/\",\"url\":\"https:\/\/www.dreika.eu\/progetti-recenti-dreika\/\",\"name\":\"Aktuelle Projekte | Schl\u00fcsselfertige Bankenarchitektur | Dreika\",\"isPartOf\":{\"@id\":\"https:\/\/www.dreika.eu\/#website\"},\"datePublished\":\"2023-11-02T14:03:34+00:00\",\"dateModified\":\"2025-05-12T14:53:45+00:00\",\"description\":\"Werfen Sie einen Blick auf unsere neuesten Projekte f\u00fcr Hauptverwaltungen und Bankschalter. Ma\u00dfgeschneiderte L\u00f6sungen, die Design, Technologie und Sicherheit kombinieren. Fallstudien mit konkreten Ergebnissen.\",\"breadcrumb\":{\"@id\":\"https:\/\/www.dreika.eu\/progetti-recenti-dreika\/#breadcrumb\"},\"inLanguage\":\"de\",\"potentialAction\":[{\"@type\":\"ReadAction\",\"target\":[\"https:\/\/www.dreika.eu\/progetti-recenti-dreika\/\"]}]},{\"@type\":\"BreadcrumbList\",\"@id\":\"https:\/\/www.dreika.eu\/progetti-recenti-dreika\/#breadcrumb\",\"itemListElement\":[{\"@type\":\"ListItem\",\"position\":1,\"name\":\"Home\",\"item\":\"https:\/\/www.dreika.eu\/de\/\"},{\"@type\":\"ListItem\",\"position\":2,\"name\":\"Projekte\"}]},{\"@type\":\"WebSite\",\"@id\":\"https:\/\/www.dreika.eu\/#website\",\"url\":\"https:\/\/www.dreika.eu\/\",\"name\":\"Dreika\",\"description\":\"Innovazione nell&#039;Architettura Bancaria\",\"publisher\":{\"@id\":\"https:\/\/www.dreika.eu\/#organization\"},\"potentialAction\":[{\"@type\":\"SearchAction\",\"target\":{\"@type\":\"EntryPoint\",\"urlTemplate\":\"https:\/\/www.dreika.eu\/?s={search_term_string}\"},\"query-input\":{\"@type\":\"PropertyValueSpecification\",\"valueRequired\":true,\"valueName\":\"search_term_string\"}}],\"inLanguage\":\"de\"},{\"@type\":\"Organization\",\"@id\":\"https:\/\/www.dreika.eu\/#organization\",\"name\":\"Dreika\",\"url\":\"https:\/\/www.dreika.eu\/\",\"logo\":{\"@type\":\"ImageObject\",\"inLanguage\":\"de\",\"@id\":\"https:\/\/www.dreika.eu\/#\/schema\/logo\/image\/\",\"url\":\"https:\/\/www.dreika.eu\/wp-content\/uploads\/2023\/08\/Logo_Negativo.png\",\"contentUrl\":\"https:\/\/www.dreika.eu\/wp-content\/uploads\/2023\/08\/Logo_Negativo.png\",\"width\":3561,\"height\":1256,\"caption\":\"Dreika\"},\"image\":{\"@id\":\"https:\/\/www.dreika.eu\/#\/schema\/logo\/image\/\"},\"sameAs\":[\"https:\/\/www.facebook.com\/Dreika.eu\",\"https:\/\/www.instagram.com\/dreika_bankarchitecture\/\",\"https:\/\/www.linkedin.com\/company\/dreika-spa\/\"]}]}<\/script>\n<!-- \/ Yoast SEO Premium plugin. -->","yoast_head_json":{"title":"Aktuelle Projekte | Schl\u00fcsselfertige Bankenarchitektur | Dreika","description":"Werfen Sie einen Blick auf unsere neuesten Projekte f\u00fcr Hauptverwaltungen und Bankschalter. Ma\u00dfgeschneiderte L\u00f6sungen, die Design, Technologie und Sicherheit kombinieren. Fallstudien mit konkreten Ergebnissen.","robots":{"index":"index","follow":"follow","max-snippet":"max-snippet:-1","max-image-preview":"max-image-preview:large","max-video-preview":"max-video-preview:-1"},"canonical":"https:\/\/www.dreika.eu\/progetti-recenti-dreika\/","og_locale":"de_DE","og_type":"article","og_title":"Projekte","og_description":"Werfen Sie einen Blick auf unsere neuesten Projekte f\u00fcr Hauptverwaltungen und Bankschalter. Ma\u00dfgeschneiderte L\u00f6sungen, die Design, Technologie und Sicherheit kombinieren. Fallstudien mit konkreten Ergebnissen.","og_url":"https:\/\/www.dreika.eu\/progetti-recenti-dreika\/","og_site_name":"Dreika","article_publisher":"https:\/\/www.facebook.com\/Dreika.eu","article_modified_time":"2025-05-12T14:53:45+00:00","twitter_card":"summary_large_image","twitter_misc":{"Gesch\u00e4tzte Lesezeit":"4\u00a0Minuten"},"schema":{"@context":"https:\/\/schema.org","@graph":[{"@type":"WebPage","@id":"https:\/\/www.dreika.eu\/progetti-recenti-dreika\/","url":"https:\/\/www.dreika.eu\/progetti-recenti-dreika\/","name":"Aktuelle Projekte | Schl\u00fcsselfertige Bankenarchitektur | Dreika","isPartOf":{"@id":"https:\/\/www.dreika.eu\/#website"},"datePublished":"2023-11-02T14:03:34+00:00","dateModified":"2025-05-12T14:53:45+00:00","description":"Werfen Sie einen Blick auf unsere neuesten Projekte f\u00fcr Hauptverwaltungen und Bankschalter. Ma\u00dfgeschneiderte L\u00f6sungen, die Design, Technologie und Sicherheit kombinieren. Fallstudien mit konkreten Ergebnissen.","breadcrumb":{"@id":"https:\/\/www.dreika.eu\/progetti-recenti-dreika\/#breadcrumb"},"inLanguage":"de","potentialAction":[{"@type":"ReadAction","target":["https:\/\/www.dreika.eu\/progetti-recenti-dreika\/"]}]},{"@type":"BreadcrumbList","@id":"https:\/\/www.dreika.eu\/progetti-recenti-dreika\/#breadcrumb","itemListElement":[{"@type":"ListItem","position":1,"name":"Home","item":"https:\/\/www.dreika.eu\/de\/"},{"@type":"ListItem","position":2,"name":"Projekte"}]},{"@type":"WebSite","@id":"https:\/\/www.dreika.eu\/#website","url":"https:\/\/www.dreika.eu\/","name":"Dreika","description":"Innovazione nell&#039;Architettura Bancaria","publisher":{"@id":"https:\/\/www.dreika.eu\/#organization"},"potentialAction":[{"@type":"SearchAction","target":{"@type":"EntryPoint","urlTemplate":"https:\/\/www.dreika.eu\/?s={search_term_string}"},"query-input":{"@type":"PropertyValueSpecification","valueRequired":true,"valueName":"search_term_string"}}],"inLanguage":"de"},{"@type":"Organization","@id":"https:\/\/www.dreika.eu\/#organization","name":"Dreika","url":"https:\/\/www.dreika.eu\/","logo":{"@type":"ImageObject","inLanguage":"de","@id":"https:\/\/www.dreika.eu\/#\/schema\/logo\/image\/","url":"https:\/\/www.dreika.eu\/wp-content\/uploads\/2023\/08\/Logo_Negativo.png","contentUrl":"https:\/\/www.dreika.eu\/wp-content\/uploads\/2023\/08\/Logo_Negativo.png","width":3561,"height":1256,"caption":"Dreika"},"image":{"@id":"https:\/\/www.dreika.eu\/#\/schema\/logo\/image\/"},"sameAs":["https:\/\/www.facebook.com\/Dreika.eu","https:\/\/www.instagram.com\/dreika_bankarchitecture\/","https:\/\/www.linkedin.com\/company\/dreika-spa\/"]}]}},"_links":{"self":[{"href":"https:\/\/www.dreika.eu\/de\/wp-json\/wp\/v2\/pages\/6967","targetHints":{"allow":["GET"]}}],"collection":[{"href":"https:\/\/www.dreika.eu\/de\/wp-json\/wp\/v2\/pages"}],"about":[{"href":"https:\/\/www.dreika.eu\/de\/wp-json\/wp\/v2\/types\/page"}],"author":[{"embeddable":true,"href":"https:\/\/www.dreika.eu\/de\/wp-json\/wp\/v2\/users\/1"}],"replies":[{"embeddable":true,"href":"https:\/\/www.dreika.eu\/de\/wp-json\/wp\/v2\/comments?post=6967"}],"version-history":[{"count":22,"href":"https:\/\/www.dreika.eu\/de\/wp-json\/wp\/v2\/pages\/6967\/revisions"}],"predecessor-version":[{"id":8885,"href":"https:\/\/www.dreika.eu\/de\/wp-json\/wp\/v2\/pages\/6967\/revisions\/8885"}],"wp:attachment":[{"href":"https:\/\/www.dreika.eu\/de\/wp-json\/wp\/v2\/media?parent=6967"}],"curies":[{"name":"wp","href":"https:\/\/api.w.org\/{rel}","templated":true}]}}